{"id":31314,"date":"2024-02-24T18:37:44","date_gmt":"2024-02-24T17:37:44","guid":{"rendered":"https:\/\/www.mesbrots.cat\/grup\/"},"modified":"2024-03-11T14:55:14","modified_gmt":"2024-03-11T13:55:14","slug":"grup","status":"publish","type":"page","link":"https:\/\/www.mesbrots.cat\/fr\/grup\/","title":{"rendered":"Grappe"},"content":{"rendered":"\t\t<div data-elementor-type=\"wp-page\" data-elementor-id=\"31314\" class=\"elementor elementor-31314 elementor-31228\" data-elementor-post-type=\"page\">\n\t\t\t\t\t\t<section class=\"elementor-section elementor-top-section elementor-element elementor-element-771db57c elementor-section-full_width qodef-elementor-content-grid elementor-section-height-default elementor-section-height-default\" data-id=\"771db57c\" data-element_type=\"section\" data-e-type=\"section\">\n\t\t\t\t\t\t<div class=\"elementor-container elementor-column-gap-default\">\n\t\t\t\t\t<div class=\"elementor-column elementor-col-100 elementor-top-column elementor-element elementor-element-1ccc4a21\" data-id=\"1ccc4a21\" data-element_type=\"column\" data-e-type=\"column\">\n\t\t\t<div class=\"elementor-widget-wrap elementor-element-populated\">\n\t\t\t\t\t\t<section class=\"elementor-section elementor-inner-section elementor-element elementor-element-6515d3ab elementor-section-full_width elementor-section-height-default elementor-section-height-default\" data-id=\"6515d3ab\" data-element_type=\"section\" data-e-type=\"section\">\n\t\t\t\t\t\t<div class=\"elementor-container elementor-column-gap-default\">\n\t\t\t\t\t<div class=\"elementor-column elementor-col-33 elementor-inner-column elementor-element elementor-element-21fa68ba\" data-id=\"21fa68ba\" data-element_type=\"column\" data-e-type=\"column\">\n\t\t\t<div class=\"elementor-widget-wrap elementor-element-populated\">\n\t\t\t\t\t\t<div class=\"elementor-element elementor-element-37a494dd elementor-widget elementor-widget-image\" data-id=\"37a494dd\" data-element_type=\"widget\" data-e-type=\"widget\" data-widget_type=\"image.default\">\n\t\t\t\t<div class=\"elementor-widget-container\">\n\t\t\t\t\t\t\t\t\t\t\t\t\t\t\t<img decoding=\"async\" src=\"https:\/\/www.mesbrots.cat\/wp-content\/uploads\/2023\/10\/Mesa-de-trabajo-2@3x-100.jpg\" title=\"Mesa-de-trabajo-2@3x-100\" alt=\"Mesa-de-trabajo-2@3x-100\" loading=\"lazy\" \/>\t\t\t\t\t\t\t\t\t\t\t\t\t\t\t<\/div>\n\t\t\t\t<\/div>\n\t\t\t\t<div class=\"elementor-element elementor-element-74786ca5 elementor-widget elementor-widget-heading\" data-id=\"74786ca5\" data-element_type=\"widget\" data-e-type=\"widget\" data-widget_type=\"heading.default\">\n\t\t\t\t<div class=\"elementor-widget-container\">\n\t\t\t\t\t<h2 class=\"elementor-heading-title elementor-size-default\">Supermarch\u00e9 <BR \/>\nbiologique<\/h2>\t\t\t\t<\/div>\n\t\t\t\t<\/div>\n\t\t\t\t<div class=\"elementor-element elementor-element-548e81e6 elementor-widget elementor-widget-text-editor\" data-id=\"548e81e6\" data-element_type=\"widget\" data-e-type=\"widget\" data-widget_type=\"text-editor.default\">\n\t\t\t\t<div class=\"elementor-widget-container\">\n\t\t\t\t\t\t\t\t\t<p class=\"p1\">Chez <strong>BioBrots<\/strong>, vous trouverez une large s\u00e9lection d&rsquo;aliments frais et secs <strong>TOUS CERTIFI\u00c9S BIO<\/strong>, visant \u00e0 faciliter une alimentation saine pour le plus grand nombre. Notre offre comprend des c\u00e9r\u00e9ales, du chocolat, des infusions et des th\u00e9s, du caf\u00e9, des p\u00e2tes, du riz, des boissons v\u00e9g\u00e9tales, des produits&#8230;<\/p>\t\t\t\t\t\t\t\t<\/div>\n\t\t\t\t<\/div>\n\t\t\t\t<div class=\"elementor-element elementor-element-7803ed3 elementor-widget elementor-widget-agraria_core_button\" data-id=\"7803ed3\" data-element_type=\"widget\" data-e-type=\"widget\" data-widget_type=\"agraria_core_button.default\">\n\t\t\t\t<div class=\"elementor-widget-container\">\n\t\t\t\t\t<a class=\"qodef-shortcode qodef-m  qodef-button qodef-layout--textual  qodef-html--link\" href=\"http:\/\/www.mesbrots.cat\/botiga\/\" target=\"_blank\"  style=\"color: #91140C\">\n\t<span class=\"qodef-m-text\">BOTIGA<\/span>\n    <span class=\"qodef-m-icon\"><svg class=\"qodef-svg--button-arrow\" xmlns=\"http:\/\/www.w3.org\/2000\/svg\" width=\"15.494\" height=\"14.228\" viewBox=\"0 0 15.494 14.228\"><path d=\"m8.77664801 1.48433105 5.65685425 5.65685425L8.776648 12.79803955\"\/><path d=\"M13.478201 7.11360813H.75027894\"\/><\/svg><\/span>\n<\/a>\n\t\t\t\t<\/div>\n\t\t\t\t<\/div>\n\t\t\t\t\t<\/div>\n\t\t<\/div>\n\t\t\t\t<div class=\"elementor-column elementor-col-33 elementor-inner-column elementor-element elementor-element-26cde662\" data-id=\"26cde662\" data-element_type=\"column\" data-e-type=\"column\">\n\t\t\t<div class=\"elementor-widget-wrap elementor-element-populated\">\n\t\t\t\t\t\t<div class=\"elementor-element elementor-element-1ca4ee82 elementor-widget elementor-widget-image\" data-id=\"1ca4ee82\" data-element_type=\"widget\" data-e-type=\"widget\" data-widget_type=\"image.default\">\n\t\t\t\t<div class=\"elementor-widget-container\">\n\t\t\t\t\t\t\t\t\t\t\t\t\t\t\t<img decoding=\"async\" src=\"https:\/\/www.mesbrots.cat\/wp-content\/uploads\/2023\/10\/Disseny-sense-titol-36.jpg\" title=\"Disseny-sense-titol-36\" alt=\"Disseny-sense-titol-36\" loading=\"lazy\" \/>\t\t\t\t\t\t\t\t\t\t\t\t\t\t\t<\/div>\n\t\t\t\t<\/div>\n\t\t\t\t<div class=\"elementor-element elementor-element-16c6a3d1 elementor-widget elementor-widget-heading\" data-id=\"16c6a3d1\" data-element_type=\"widget\" data-e-type=\"widget\" data-widget_type=\"heading.default\">\n\t\t\t\t<div class=\"elementor-widget-container\">\n\t\t\t\t\t<h2 class=\"elementor-heading-title elementor-size-default\">BROTS DE VI, LA SUSTENTABILIT\u00c9 ALIMENTAIRE AU RESTAURANT <\/h2>\t\t\t\t<\/div>\n\t\t\t\t<\/div>\n\t\t\t\t<div class=\"elementor-element elementor-element-1a376d99 elementor-widget elementor-widget-text-editor\" data-id=\"1a376d99\" data-element_type=\"widget\" data-e-type=\"widget\" data-widget_type=\"text-editor.default\">\n\t\t\t\t<div class=\"elementor-widget-container\">\n\t\t\t\t\t\t\t\t\t<p class=\"p1\">Avec la m\u00eame volont\u00e9 que dans le supermarch\u00e9 biologique, au Bistr\u00f4 Brots de Vino de G\u00e9rone, nous optons pour une carte FRA\u00ceCHE avec des produits DE QUALIT\u00c9, locaux et sans pr\u00e9tention, pr\u00e9par\u00e9s \u00e0 la minute avec peu de maquillage ; avec des vins naturels et biodynamiques, maison et d&rsquo;ailleurs, en bouteilles et au verre.<\/p>\t\t\t\t\t\t\t\t<\/div>\n\t\t\t\t<\/div>\n\t\t\t\t<div class=\"elementor-element elementor-element-24cc3a0c elementor-widget elementor-widget-agraria_core_button\" data-id=\"24cc3a0c\" data-element_type=\"widget\" data-e-type=\"widget\" data-widget_type=\"agraria_core_button.default\">\n\t\t\t\t<div class=\"elementor-widget-container\">\n\t\t\t\t\t<a class=\"qodef-shortcode qodef-m  qodef-button qodef-layout--textual  qodef-html--link\" href=\"https:\/\/goo.gl\/maps\/cTSa6YmW2vHXk78Q8\" target=\"_blank\"  style=\"color: #91140C\">\n\t<span class=\"qodef-m-text\">PLUS D&#039;INFORMATIONS<\/span>\n    <span class=\"qodef-m-icon\"><svg class=\"qodef-svg--button-arrow\" xmlns=\"http:\/\/www.w3.org\/2000\/svg\" width=\"15.494\" height=\"14.228\" viewBox=\"0 0 15.494 14.228\"><path d=\"m8.77664801 1.48433105 5.65685425 5.65685425L8.776648 12.79803955\"\/><path d=\"M13.478201 7.11360813H.75027894\"\/><\/svg><\/span>\n<\/a>\n\t\t\t\t<\/div>\n\t\t\t\t<\/div>\n\t\t\t\t\t<\/div>\n\t\t<\/div>\n\t\t\t\t<div class=\"elementor-column elementor-col-33 elementor-inner-column elementor-element elementor-element-998c45e\" data-id=\"998c45e\" data-element_type=\"column\" data-e-type=\"column\">\n\t\t\t<div class=\"elementor-widget-wrap elementor-element-populated\">\n\t\t\t\t\t\t<div class=\"elementor-element elementor-element-7f66694a elementor-widget elementor-widget-image\" data-id=\"7f66694a\" data-element_type=\"widget\" data-e-type=\"widget\" data-widget_type=\"image.default\">\n\t\t\t\t<div class=\"elementor-widget-container\">\n\t\t\t\t\t\t\t\t\t\t\t\t\t\t\t<img decoding=\"async\" src=\"https:\/\/www.mesbrots.cat\/wp-content\/uploads\/2023\/09\/cid__1867ed87d0b1a4908b31_-scaled.jpg\" title=\"!cid__1867ed87d0b1a4908b31_\" alt=\"!cid__1867ed87d0b1a4908b31_\" loading=\"lazy\" \/>\t\t\t\t\t\t\t\t\t\t\t\t\t\t\t<\/div>\n\t\t\t\t<\/div>\n\t\t\t\t<div class=\"elementor-element elementor-element-3bc3a01a elementor-widget elementor-widget-heading\" data-id=\"3bc3a01a\" data-element_type=\"widget\" data-e-type=\"widget\" data-widget_type=\"heading.default\">\n\t\t\t\t<div class=\"elementor-widget-container\">\n\t\t\t\t\t<h2 class=\"elementor-heading-title elementor-size-default\">UN COFFEE BRUNCH POUR SAVOURER EN FAISANT ATTENTION \u00c0 SA SANT\u00c9 <\/h2>\t\t\t\t<\/div>\n\t\t\t\t<\/div>\n\t\t\t\t<div class=\"elementor-element elementor-element-46dc60e8 elementor-widget elementor-widget-text-editor\" data-id=\"46dc60e8\" data-element_type=\"widget\" data-e-type=\"widget\" data-widget_type=\"text-editor.default\">\n\t\t\t\t<div class=\"elementor-widget-container\">\n\t\t\t\t\t\t\t\t\t<p class=\"p1\">La derni\u00e8re nouveaut\u00e9 du groupe et dans la continuit\u00e9 de l&rsquo;essence du supermarch\u00e9 biologique et du restaurant, c&rsquo;est + BROTS, un COFFEE BRUNCH avec du caf\u00e9 DE SP\u00c9CIALIT\u00c9 et des produits durables, ARTISANAUX AVEC UNE PRODUCTION PROPRE ET QUOTIDIENNE. Profitez du sucr\u00e9 de mani\u00e8re saine, avec la durabilit\u00e9 qu&rsquo;offre un produit circulaire.<\/p>\t\t\t\t\t\t\t\t<\/div>\n\t\t\t\t<\/div>\n\t\t\t\t<div class=\"elementor-element elementor-element-28020858 elementor-widget elementor-widget-agraria_core_button\" data-id=\"28020858\" data-element_type=\"widget\" data-e-type=\"widget\" data-widget_type=\"agraria_core_button.default\">\n\t\t\t\t<div class=\"elementor-widget-container\">\n\t\t\t\t\t<a class=\"qodef-shortcode qodef-m  qodef-button qodef-layout--textual  qodef-html--link\" href=\"https:\/\/maps.app.goo.gl\/7wbXhKFqdabmfcB96\" target=\"_blank\"  style=\"color: #91140C\">\n\t<span class=\"qodef-m-text\">PLUS D&#039;INFORMATIONS <\/span>\n    <span class=\"qodef-m-icon\"><svg class=\"qodef-svg--button-arrow\" xmlns=\"http:\/\/www.w3.org\/2000\/svg\" width=\"15.494\" height=\"14.228\" viewBox=\"0 0 15.494 14.228\"><path d=\"m8.77664801 1.48433105 5.65685425 5.65685425L8.776648 12.79803955\"\/><path d=\"M13.478201 7.11360813H.75027894\"\/><\/svg><\/span>\n<\/a>\n\t\t\t\t<\/div>\n\t\t\t\t<\/div>\n\t\t\t\t\t<\/div>\n\t\t<\/div>\n\t\t\t\t\t<\/div>\n\t\t<\/section>\n\t\t\t\t<section class=\"elementor-section elementor-inner-section elementor-element elementor-element-4f4ac432 elementor-section-full_width elementor-section-height-default elementor-section-height-default\" data-id=\"4f4ac432\" data-element_type=\"section\" data-e-type=\"section\">\n\t\t\t\t\t\t<div class=\"elementor-container elementor-column-gap-default\">\n\t\t\t\t\t<div class=\"elementor-column elementor-col-33 elementor-inner-column elementor-element elementor-element-23d9a688\" data-id=\"23d9a688\" data-element_type=\"column\" data-e-type=\"column\">\n\t\t\t<div class=\"elementor-widget-wrap elementor-element-populated\">\n\t\t\t\t\t\t<div class=\"elementor-element elementor-element-3f1501d8 elementor-widget elementor-widget-image\" data-id=\"3f1501d8\" data-element_type=\"widget\" data-e-type=\"widget\" data-widget_type=\"image.default\">\n\t\t\t\t<div class=\"elementor-widget-container\">\n\t\t\t\t\t\t\t\t\t\t\t\t\t\t\t<img decoding=\"async\" src=\"https:\/\/www.mesbrots.cat\/wp-content\/uploads\/2023\/10\/Disseny-sense-titol-28.jpg\" title=\"Disseny-sense-titol-28\" alt=\"Disseny-sense-titol-28\" loading=\"lazy\" \/>\t\t\t\t\t\t\t\t\t\t\t\t\t\t\t<\/div>\n\t\t\t\t<\/div>\n\t\t\t\t\t<\/div>\n\t\t<\/div>\n\t\t\t\t<div class=\"elementor-column elementor-col-66 elementor-inner-column elementor-element elementor-element-1a673622\" data-id=\"1a673622\" data-element_type=\"column\" data-e-type=\"column\">\n\t\t\t<div class=\"elementor-widget-wrap elementor-element-populated\">\n\t\t\t\t\t\t<div class=\"elementor-element elementor-element-70cc82af elementor-widget elementor-widget-heading\" data-id=\"70cc82af\" data-element_type=\"widget\" data-e-type=\"widget\" data-widget_type=\"heading.default\">\n\t\t\t\t<div class=\"elementor-widget-container\">\n\t\t\t\t\t<h2 class=\"elementor-heading-title elementor-size-default\">LE PROJET DES BROTS \u00c0 G\u00c9RONE<\/h2>\t\t\t\t<\/div>\n\t\t\t\t<\/div>\n\t\t\t\t<div class=\"elementor-element elementor-element-6bb0982d elementor-widget elementor-widget-text-editor\" data-id=\"6bb0982d\" data-element_type=\"widget\" data-e-type=\"widget\" data-widget_type=\"text-editor.default\">\n\t\t\t\t<div class=\"elementor-widget-container\">\n\t\t\t\t\t\t\t\t\t<p class=\"p1\">Il y a quelques ann\u00e9es, BROTS DE VI est n\u00e9, \u00e0 la recherche d&rsquo;un espace de restauration saine, gastronomique et d\u00e9contract\u00e9e o\u00f9 l&rsquo;on peut savourer de la nourriture et du vin naturel. Il est suivi de BIO BROTS, notre \u00e9picerie biologique situ\u00e9e dans la rue de la Creu, n\u00e9cessaire pour approvisionner Brots de Vino en produits de nos potagers, de nos champs et de nos vignobles, tout en offrant une alimentation consciente et durable dans notre ville, en mettant en valeur les produits frais : boulangerie, boucherie, fruits et l\u00e9gumes, produits laitiers&#8230; Maintenant, nous bouclons la boucle avec le plus petit de la famille, + BROTS, un COFFEE BRUNCH , un espace avec la partie la plus sucr\u00e9e ; cookies, muffins, g\u00e2teaux, glaces artisanales,<span class=\"Apple-converted-space\">\u00a0<\/span><\/p>\t\t\t\t\t\t\t\t<\/div>\n\t\t\t\t<\/div>\n\t\t\t\t\t<\/div>\n\t\t<\/div>\n\t\t\t\t\t<\/div>\n\t\t<\/section>\n\t\t\t\t\t<\/div>\n\t\t<\/div>\n\t\t\t\t\t<\/div>\n\t\t<\/section>\n\t\t\t\t<section class=\"elementor-section elementor-top-section elementor-element elementor-element-4fdcfb71 elementor-section-full_width elementor-section-height-default elementor-section-height-default\" data-id=\"4fdcfb71\" data-element_type=\"section\" data-e-type=\"section\" data-settings=\"{&quot;background_background&quot;:&quot;classic&quot;}\">\n\t\t\t\t\t\t<div class=\"elementor-container elementor-column-gap-default\">\n\t\t\t\t\t<div class=\"elementor-column elementor-col-100 elementor-top-column elementor-element elementor-element-7d14b20f\" data-id=\"7d14b20f\" data-element_type=\"column\" data-e-type=\"column\">\n\t\t\t<div class=\"elementor-widget-wrap elementor-element-populated\">\n\t\t\t\t\t\t<section class=\"elementor-section elementor-inner-section elementor-element elementor-element-40306120 elementor-section-boxed elementor-section-height-default elementor-section-height-default\" data-id=\"40306120\" data-element_type=\"section\" data-e-type=\"section\">\n\t\t\t\t\t\t<div class=\"elementor-container elementor-column-gap-default\">\n\t\t\t\t\t<div class=\"elementor-column elementor-col-50 elementor-inner-column elementor-element elementor-element-296d139e\" data-id=\"296d139e\" data-element_type=\"column\" data-e-type=\"column\">\n\t\t\t<div class=\"elementor-widget-wrap elementor-element-populated\">\n\t\t\t\t\t\t<div class=\"elementor-element elementor-element-28829efd elementor-widget elementor-widget-heading\" data-id=\"28829efd\" data-element_type=\"widget\" data-e-type=\"widget\" data-widget_type=\"heading.default\">\n\t\t\t\t<div class=\"elementor-widget-container\">\n\t\t\t\t\t<p class=\"elementor-heading-title elementor-size-default\">\u00a9 2023 Mesbrots<\/p>\t\t\t\t<\/div>\n\t\t\t\t<\/div>\n\t\t\t\t\t<\/div>\n\t\t<\/div>\n\t\t\t\t<div class=\"elementor-column elementor-col-50 elementor-inner-column elementor-element elementor-element-2e7559fa\" data-id=\"2e7559fa\" data-element_type=\"column\" data-e-type=\"column\">\n\t\t\t<div class=\"elementor-widget-wrap elementor-element-populated\">\n\t\t\t\t\t\t<div class=\"elementor-element elementor-element-ea381f2 elementor-widget elementor-widget-heading\" data-id=\"ea381f2\" data-element_type=\"widget\" data-e-type=\"widget\" data-widget_type=\"heading.default\">\n\t\t\t\t<div class=\"elementor-widget-container\">\n\t\t\t\t\t<p class=\"elementor-heading-title elementor-size-default\">Avis legal | Politica de privacitat<\/p>\t\t\t\t<\/div>\n\t\t\t\t<\/div>\n\t\t\t\t\t<\/div>\n\t\t<\/div>\n\t\t\t\t\t<\/div>\n\t\t<\/section>\n\t\t\t\t\t<\/div>\n\t\t<\/div>\n\t\t\t\t\t<\/div>\n\t\t<\/section>\n\t\t\t\t<section class=\"elementor-section elementor-top-section elementor-element elementor-element-7932409e elementor-section-boxed elementor-section-height-default elementor-section-height-default\" data-id=\"7932409e\" data-element_type=\"section\" data-e-type=\"section\">\n\t\t\t\t\t\t<div class=\"elementor-container elementor-column-gap-default\">\n\t\t\t\t\t<div class=\"elementor-column elementor-col-100 elementor-top-column elementor-element elementor-element-38ef63ec\" data-id=\"38ef63ec\" data-element_type=\"column\" data-e-type=\"column\">\n\t\t\t<div class=\"elementor-widget-wrap elementor-element-populated\">\n\t\t\t\t\t\t<div class=\"elementor-element elementor-element-798b53dc elementor-widget elementor-widget-image\" data-id=\"798b53dc\" data-element_type=\"widget\" data-e-type=\"widget\" data-widget_type=\"image.default\">\n\t\t\t\t<div class=\"elementor-widget-container\">\n\t\t\t\t\t\t\t\t\t\t\t\t\t\t\t<img fetchpriority=\"high\" decoding=\"async\" width=\"1024\" height=\"51\" src=\"https:\/\/www.mesbrots.cat\/wp-content\/uploads\/2024\/03\/kit-1-1024x51.png\" class=\"attachment-large size-large wp-image-31385\" alt=\"\" srcset=\"https:\/\/www.mesbrots.cat\/wp-content\/uploads\/2024\/03\/kit-1-1024x51.png 1024w, https:\/\/www.mesbrots.cat\/wp-content\/uploads\/2024\/03\/kit-1-300x15.png 300w, https:\/\/www.mesbrots.cat\/wp-content\/uploads\/2024\/03\/kit-1-768x38.png 768w, https:\/\/www.mesbrots.cat\/wp-content\/uploads\/2024\/03\/kit-1-1536x76.png 1536w, https:\/\/www.mesbrots.cat\/wp-content\/uploads\/2024\/03\/kit-1-2048x102.png 2048w\" sizes=\"(max-width: 1024px) 100vw, 1024px\" \/>\t\t\t\t\t\t\t\t\t\t\t\t\t\t\t<\/div>\n\t\t\t\t<\/div>\n\t\t\t\t\t<\/div>\n\t\t<\/div>\n\t\t\t\t\t<\/div>\n\t\t<\/section>\n\t\t\t\t<\/div>\n\t\t","protected":false},"excerpt":{"rendered":"<p>Supermarch\u00e9 biologique Chez BioBrots, vous trouverez une large s\u00e9lection d&rsquo;aliments frais et secs TOUS CERTIFI\u00c9S BIO, visant \u00e0 faciliter une alimentation saine pour le plus grand nombre. Notre offre comprend des c\u00e9r\u00e9ales, du chocolat, des infusions et des th\u00e9s, du caf\u00e9, des p\u00e2tes, du riz, des boissons v\u00e9g\u00e9tales, des produits&#8230; BOTIGA BROTS DE VI, LA [&hellip;]<\/p>\n","protected":false},"author":1,"featured_media":0,"parent":0,"menu_order":0,"comment_status":"closed","ping_status":"closed","template":"page-full-width.php","meta":{"footnotes":""},"class_list":["post-31314","page","type-page","status-publish","hentry"],"yoast_head":"<!-- This site is optimized with the Yoast SEO plugin v27.1.1 - https:\/\/yoast.com\/product\/yoast-seo-wordpress\/ -->\n<title>Grappe - Mesbrots<\/title>\n<meta name=\"robots\" content=\"index, follow, max-snippet:-1, max-image-preview:large, max-video-preview:-1\" \/>\n<link rel=\"canonical\" href=\"https:\/\/www.mesbrots.cat\/grup\/\" \/>\n<meta property=\"og:locale\" content=\"fr_FR\" \/>\n<meta property=\"og:type\" content=\"article\" \/>\n<meta property=\"og:title\" content=\"Grappe - Mesbrots\" \/>\n<meta property=\"og:description\" content=\"Supermarch\u00e9 biologique Chez BioBrots, vous trouverez une large s\u00e9lection d&rsquo;aliments frais et secs TOUS CERTIFI\u00c9S BIO, visant \u00e0 faciliter une alimentation saine pour le plus grand nombre. Notre offre comprend des c\u00e9r\u00e9ales, du chocolat, des infusions et des th\u00e9s, du caf\u00e9, des p\u00e2tes, du riz, des boissons v\u00e9g\u00e9tales, des produits&#8230; BOTIGA BROTS DE VI, LA [&hellip;]\" \/>\n<meta property=\"og:url\" content=\"https:\/\/www.mesbrots.cat\/grup\/\" \/>\n<meta property=\"og:site_name\" content=\"Mesbrots\" \/>\n<meta property=\"article:modified_time\" content=\"2024-03-11T13:55:14+00:00\" \/>\n<meta property=\"og:image\" content=\"http:\/\/www.mesbrots.cat\/wp-content\/uploads\/elementor\/thumbs\/Mesa-de-trabajo-2@3x-100-qdxz3o6fitmke0hydu2pina16skfjhto59i7abbex8.jpg\" \/>\n<meta name=\"twitter:card\" content=\"summary_large_image\" \/>\n<meta name=\"twitter:label1\" content=\"Dur\u00e9e de lecture estim\u00e9e\" \/>\n\t<meta name=\"twitter:data1\" content=\"2 minutes\" \/>\n<script type=\"application\/ld+json\" class=\"yoast-schema-graph\">{\"@context\":\"https:\/\/schema.org\",\"@graph\":[{\"@type\":\"WebPage\",\"@id\":\"https:\/\/www.mesbrots.cat\/grup\/\",\"url\":\"https:\/\/www.mesbrots.cat\/grup\/\",\"name\":\"Grappe - Mesbrots\",\"isPartOf\":{\"@id\":\"https:\/\/www.mesbrots.cat\/#website\"},\"primaryImageOfPage\":{\"@id\":\"https:\/\/www.mesbrots.cat\/grup\/#primaryimage\"},\"image\":{\"@id\":\"https:\/\/www.mesbrots.cat\/grup\/#primaryimage\"},\"thumbnailUrl\":\"http:\/\/www.mesbrots.cat\/wp-content\/uploads\/elementor\/thumbs\/Mesa-de-trabajo-2@3x-100-qdxz3o6fitmke0hydu2pina16skfjhto59i7abbex8.jpg\",\"datePublished\":\"2024-02-24T17:37:44+00:00\",\"dateModified\":\"2024-03-11T13:55:14+00:00\",\"breadcrumb\":{\"@id\":\"https:\/\/www.mesbrots.cat\/grup\/#breadcrumb\"},\"inLanguage\":\"fr-FR\",\"potentialAction\":[{\"@type\":\"ReadAction\",\"target\":[\"https:\/\/www.mesbrots.cat\/grup\/\"]}]},{\"@type\":\"ImageObject\",\"inLanguage\":\"fr-FR\",\"@id\":\"https:\/\/www.mesbrots.cat\/grup\/#primaryimage\",\"url\":\"http:\/\/www.mesbrots.cat\/wp-content\/uploads\/elementor\/thumbs\/Mesa-de-trabajo-2@3x-100-qdxz3o6fitmke0hydu2pina16skfjhto59i7abbex8.jpg\",\"contentUrl\":\"http:\/\/www.mesbrots.cat\/wp-content\/uploads\/elementor\/thumbs\/Mesa-de-trabajo-2@3x-100-qdxz3o6fitmke0hydu2pina16skfjhto59i7abbex8.jpg\"},{\"@type\":\"BreadcrumbList\",\"@id\":\"https:\/\/www.mesbrots.cat\/grup\/#breadcrumb\",\"itemListElement\":[{\"@type\":\"ListItem\",\"position\":1,\"name\":\"Inici\",\"item\":\"https:\/\/www.mesbrots.cat\/\"},{\"@type\":\"ListItem\",\"position\":2,\"name\":\"Grappe\"}]},{\"@type\":\"WebSite\",\"@id\":\"https:\/\/www.mesbrots.cat\/#website\",\"url\":\"https:\/\/www.mesbrots.cat\/\",\"name\":\"Mesbrots\",\"description\":\"Coffee Brunch\",\"potentialAction\":[{\"@type\":\"SearchAction\",\"target\":{\"@type\":\"EntryPoint\",\"urlTemplate\":\"https:\/\/www.mesbrots.cat\/?s={search_term_string}\"},\"query-input\":{\"@type\":\"PropertyValueSpecification\",\"valueRequired\":true,\"valueName\":\"search_term_string\"}}],\"inLanguage\":\"fr-FR\"}]}<\/script>\n<!-- \/ Yoast SEO plugin. -->","yoast_head_json":{"title":"Grappe - Mesbrots","robots":{"index":"index","follow":"follow","max-snippet":"max-snippet:-1","max-image-preview":"max-image-preview:large","max-video-preview":"max-video-preview:-1"},"canonical":"https:\/\/www.mesbrots.cat\/grup\/","og_locale":"fr_FR","og_type":"article","og_title":"Grappe - Mesbrots","og_description":"Supermarch\u00e9 biologique Chez BioBrots, vous trouverez une large s\u00e9lection d&rsquo;aliments frais et secs TOUS CERTIFI\u00c9S BIO, visant \u00e0 faciliter une alimentation saine pour le plus grand nombre. Notre offre comprend des c\u00e9r\u00e9ales, du chocolat, des infusions et des th\u00e9s, du caf\u00e9, des p\u00e2tes, du riz, des boissons v\u00e9g\u00e9tales, des produits&#8230; BOTIGA BROTS DE VI, LA [&hellip;]","og_url":"https:\/\/www.mesbrots.cat\/grup\/","og_site_name":"Mesbrots","article_modified_time":"2024-03-11T13:55:14+00:00","og_image":[{"url":"http:\/\/www.mesbrots.cat\/wp-content\/uploads\/elementor\/thumbs\/Mesa-de-trabajo-2@3x-100-qdxz3o6fitmke0hydu2pina16skfjhto59i7abbex8.jpg","type":"","width":"","height":""}],"twitter_card":"summary_large_image","twitter_misc":{"Dur\u00e9e de lecture estim\u00e9e":"2 minutes"},"schema":{"@context":"https:\/\/schema.org","@graph":[{"@type":"WebPage","@id":"https:\/\/www.mesbrots.cat\/grup\/","url":"https:\/\/www.mesbrots.cat\/grup\/","name":"Grappe - Mesbrots","isPartOf":{"@id":"https:\/\/www.mesbrots.cat\/#website"},"primaryImageOfPage":{"@id":"https:\/\/www.mesbrots.cat\/grup\/#primaryimage"},"image":{"@id":"https:\/\/www.mesbrots.cat\/grup\/#primaryimage"},"thumbnailUrl":"http:\/\/www.mesbrots.cat\/wp-content\/uploads\/elementor\/thumbs\/Mesa-de-trabajo-2@3x-100-qdxz3o6fitmke0hydu2pina16skfjhto59i7abbex8.jpg","datePublished":"2024-02-24T17:37:44+00:00","dateModified":"2024-03-11T13:55:14+00:00","breadcrumb":{"@id":"https:\/\/www.mesbrots.cat\/grup\/#breadcrumb"},"inLanguage":"fr-FR","potentialAction":[{"@type":"ReadAction","target":["https:\/\/www.mesbrots.cat\/grup\/"]}]},{"@type":"ImageObject","inLanguage":"fr-FR","@id":"https:\/\/www.mesbrots.cat\/grup\/#primaryimage","url":"http:\/\/www.mesbrots.cat\/wp-content\/uploads\/elementor\/thumbs\/Mesa-de-trabajo-2@3x-100-qdxz3o6fitmke0hydu2pina16skfjhto59i7abbex8.jpg","contentUrl":"http:\/\/www.mesbrots.cat\/wp-content\/uploads\/elementor\/thumbs\/Mesa-de-trabajo-2@3x-100-qdxz3o6fitmke0hydu2pina16skfjhto59i7abbex8.jpg"},{"@type":"BreadcrumbList","@id":"https:\/\/www.mesbrots.cat\/grup\/#breadcrumb","itemListElement":[{"@type":"ListItem","position":1,"name":"Inici","item":"https:\/\/www.mesbrots.cat\/"},{"@type":"ListItem","position":2,"name":"Grappe"}]},{"@type":"WebSite","@id":"https:\/\/www.mesbrots.cat\/#website","url":"https:\/\/www.mesbrots.cat\/","name":"Mesbrots","description":"Coffee Brunch","potentialAction":[{"@type":"SearchAction","target":{"@type":"EntryPoint","urlTemplate":"https:\/\/www.mesbrots.cat\/?s={search_term_string}"},"query-input":{"@type":"PropertyValueSpecification","valueRequired":true,"valueName":"search_term_string"}}],"inLanguage":"fr-FR"}]}},"_links":{"self":[{"href":"https:\/\/www.mesbrots.cat\/fr\/wp-json\/wp\/v2\/pages\/31314","targetHints":{"allow":["GET"]}}],"collection":[{"href":"https:\/\/www.mesbrots.cat\/fr\/wp-json\/wp\/v2\/pages"}],"about":[{"href":"https:\/\/www.mesbrots.cat\/fr\/wp-json\/wp\/v2\/types\/page"}],"author":[{"embeddable":true,"href":"https:\/\/www.mesbrots.cat\/fr\/wp-json\/wp\/v2\/users\/1"}],"replies":[{"embeddable":true,"href":"https:\/\/www.mesbrots.cat\/fr\/wp-json\/wp\/v2\/comments?post=31314"}],"version-history":[{"count":0,"href":"https:\/\/www.mesbrots.cat\/fr\/wp-json\/wp\/v2\/pages\/31314\/revisions"}],"wp:attachment":[{"href":"https:\/\/www.mesbrots.cat\/fr\/wp-json\/wp\/v2\/media?parent=31314"}],"curies":[{"name":"wp","href":"https:\/\/api.w.org\/{rel}","templated":true}]}}