{"id":31307,"date":"2024-02-24T17:37:52","date_gmt":"2024-02-24T16:37:52","guid":{"rendered":"https:\/\/www.mesbrots.cat\/contacte\/"},"modified":"2024-03-11T14:55:17","modified_gmt":"2024-03-11T13:55:17","slug":"contacte","status":"publish","type":"page","link":"https:\/\/www.mesbrots.cat\/fr\/contacte\/","title":{"rendered":"Contact"},"content":{"rendered":"\t\t<div data-elementor-type=\"wp-page\" data-elementor-id=\"31307\" class=\"elementor elementor-31307 elementor-31209\" data-elementor-post-type=\"page\">\n\t\t\t\t\t\t<section class=\"elementor-section elementor-top-section elementor-element elementor-element-13bd99a1 elementor-section-full_width qodef-elementor-content-grid elementor-section-height-default elementor-section-height-default\" data-id=\"13bd99a1\" data-element_type=\"section\" data-e-type=\"section\" id=\"contacte\">\n\t\t\t\t\t\t<div class=\"elementor-container elementor-column-gap-custom\">\n\t\t\t\t\t<div class=\"elementor-column elementor-col-50 elementor-top-column elementor-element elementor-element-43326cb0\" data-id=\"43326cb0\" data-element_type=\"column\" data-e-type=\"column\">\n\t\t\t<div class=\"elementor-widget-wrap elementor-element-populated\">\n\t\t\t\t\t\t<div class=\"elementor-element elementor-element-452a0d5 elementor-widget elementor-widget-heading\" data-id=\"452a0d5\" data-element_type=\"widget\" data-e-type=\"widget\" data-widget_type=\"heading.default\">\n\t\t\t\t<div class=\"elementor-widget-container\">\n\t\t\t\t\t<h2 class=\"elementor-heading-title elementor-size-default\">+brots coffe &amp; brunch<\/h2>\t\t\t\t<\/div>\n\t\t\t\t<\/div>\n\t\t\t\t<div class=\"elementor-element elementor-element-6c8ff726 elementor-widget elementor-widget-text-editor\" data-id=\"6c8ff726\" data-element_type=\"widget\" data-e-type=\"widget\" data-widget_type=\"text-editor.default\">\n\t\t\t\t<div class=\"elementor-widget-container\">\n\t\t\t\t\t\t\t\t\t<p class=\"p1\">+ Brots Coffee &amp; Brunch Toute l&rsquo;\u00e9quipe de + Brots vous attend pour vous offrir des moments doux et sp\u00e9ciaux. Si vous avez des questions, souhaitez passer une commande ou avez besoin de plus d&rsquo;informations, \u00e9crivez-nous via le formulaire.<\/p>\t\t\t\t\t\t\t\t<\/div>\n\t\t\t\t<\/div>\n\t\t\t\t<section class=\"elementor-section elementor-inner-section elementor-element elementor-element-5d5dd18 elementor-section-full_width elementor-section-height-default elementor-section-height-default\" data-id=\"5d5dd18\" data-element_type=\"section\" data-e-type=\"section\">\n\t\t\t\t\t\t<div class=\"elementor-container elementor-column-gap-default\">\n\t\t\t\t\t<div class=\"elementor-column elementor-col-50 elementor-inner-column elementor-element elementor-element-6b4fdf99\" data-id=\"6b4fdf99\" data-element_type=\"column\" data-e-type=\"column\">\n\t\t\t<div class=\"elementor-widget-wrap elementor-element-populated\">\n\t\t\t\t\t\t<div class=\"elementor-element elementor-element-361e3b88 elementor-widget elementor-widget-agraria_core_section_title\" data-id=\"361e3b88\" data-element_type=\"widget\" data-e-type=\"widget\" data-widget_type=\"agraria_core_section_title.default\">\n\t\t\t\t<div class=\"elementor-widget-container\">\n\t\t\t\t\t<div class=\"qodef-shortcode qodef-m  qodef-section-title qodef-alignment--left \">\n\t\t\t\t<h6 class=\"qodef-m-title\" >\n\t\t\t\t\tAdresse\t\t\t<\/h6>\n\t\t<\/div>\n\t\t\t\t<\/div>\n\t\t\t\t<\/div>\n\t\t\t\t<div class=\"elementor-element elementor-element-6c79cb0a elementor-widget elementor-widget-text-editor\" data-id=\"6c79cb0a\" data-element_type=\"widget\" data-e-type=\"widget\" data-widget_type=\"text-editor.default\">\n\t\t\t\t<div class=\"elementor-widget-container\">\n\t\t\t\t\t\t\t\t\t<p>Carrer de la for\u00e7a, 1, bax 2<\/p>\t\t\t\t\t\t\t\t<\/div>\n\t\t\t\t<\/div>\n\t\t\t\t<div class=\"elementor-element elementor-element-1830f68a elementor-widget elementor-widget-agraria_core_button\" data-id=\"1830f68a\" data-element_type=\"widget\" data-e-type=\"widget\" data-widget_type=\"agraria_core_button.default\">\n\t\t\t\t<div class=\"elementor-widget-container\">\n\t\t\t\t\t<a class=\"qodef-shortcode qodef-m  qodef-button qodef-layout--textual  qodef-html--link\" href=\"https:\/\/maps.app.goo.gl\/7wbXhKFqdabmfcB96\" target=\"_blank\"  >\n\t<span class=\"qodef-m-text\">ALLER<\/span>\n    <span class=\"qodef-m-icon\"><svg class=\"qodef-svg--button-arrow\" xmlns=\"http:\/\/www.w3.org\/2000\/svg\" width=\"15.494\" height=\"14.228\" viewBox=\"0 0 15.494 14.228\"><path d=\"m8.77664801 1.48433105 5.65685425 5.65685425L8.776648 12.79803955\"\/><path d=\"M13.478201 7.11360813H.75027894\"\/><\/svg><\/span>\n<\/a>\n\t\t\t\t<\/div>\n\t\t\t\t<\/div>\n\t\t\t\t\t<\/div>\n\t\t<\/div>\n\t\t\t\t<div class=\"elementor-column elementor-col-50 elementor-inner-column elementor-element elementor-element-6bdc54d5\" data-id=\"6bdc54d5\" data-element_type=\"column\" data-e-type=\"column\">\n\t\t\t<div class=\"elementor-widget-wrap elementor-element-populated\">\n\t\t\t\t\t\t<div class=\"elementor-element elementor-element-26009ea2 elementor-widget elementor-widget-agraria_core_section_title\" data-id=\"26009ea2\" data-element_type=\"widget\" data-e-type=\"widget\" data-widget_type=\"agraria_core_section_title.default\">\n\t\t\t\t<div class=\"elementor-widget-container\">\n\t\t\t\t\t<div class=\"qodef-shortcode qodef-m  qodef-section-title qodef-alignment--left \">\n\t\t\t\t<h6 class=\"qodef-m-title\" >\n\t\t\t\t\tContact\t\t\t<\/h6>\n\t\t<\/div>\n\t\t\t\t<\/div>\n\t\t\t\t<\/div>\n\t\t\t\t<div class=\"elementor-element elementor-element-5fcd5871 elementor-widget elementor-widget-text-editor\" data-id=\"5fcd5871\" data-element_type=\"widget\" data-e-type=\"widget\" data-widget_type=\"text-editor.default\">\n\t\t\t\t<div class=\"elementor-widget-container\">\n\t\t\t\t\t\t\t\t\t<p><a href=\"tel:872045088\">872 045 088<\/a><\/p>\t\t\t\t\t\t\t\t<\/div>\n\t\t\t\t<\/div>\n\t\t\t\t<div class=\"elementor-element elementor-element-69deb7d4 elementor-widget elementor-widget-text-editor\" data-id=\"69deb7d4\" data-element_type=\"widget\" data-e-type=\"widget\" data-widget_type=\"text-editor.default\">\n\t\t\t\t<div class=\"elementor-widget-container\">\n\t\t\t\t\t\t\t\t\t<p><a title=\"mailto:info@mesbrots.cat\nCTRL + clic para seguir el v\u00ednculo\" href=\"mailto:info@mesbrots.cat\" target=\"_blank\" rel=\"noopener\">info@mesbrots.cat<\/a><\/p>\t\t\t\t\t\t\t\t<\/div>\n\t\t\t\t<\/div>\n\t\t\t\t\t<\/div>\n\t\t<\/div>\n\t\t\t\t\t<\/div>\n\t\t<\/section>\n\t\t\t\t\t<\/div>\n\t\t<\/div>\n\t\t\t\t<div class=\"elementor-column elementor-col-50 elementor-top-column elementor-element elementor-element-723d5efb\" data-id=\"723d5efb\" data-element_type=\"column\" data-e-type=\"column\">\n\t\t\t<div class=\"elementor-widget-wrap elementor-element-populated\">\n\t\t\t\t\t\t<div class=\"elementor-element elementor-element-acc0a17 elementor-widget elementor-widget-agraria_core_section_title\" data-id=\"acc0a17\" data-element_type=\"widget\" data-e-type=\"widget\" data-widget_type=\"agraria_core_section_title.default\">\n\t\t\t\t<div class=\"elementor-widget-container\">\n\t\t\t\t\t<div class=\"qodef-shortcode qodef-m  qodef-section-title qodef-alignment--left \">\n\t\t\t\t<h3 class=\"qodef-m-title\" style=\"color: #91140C\">\n\t\t\t\t\tCONTACTEZ-NOUS \t\t\t<\/h3>\n\t\t<\/div>\n\t\t\t\t<\/div>\n\t\t\t\t<\/div>\n\t\t\t\t<div class=\"elementor-element elementor-element-1c9f5182 elementor-widget elementor-widget-wp-widget-agraria_core_contact_form_7\" data-id=\"1c9f5182\" data-element_type=\"widget\" data-e-type=\"widget\" data-widget_type=\"wp-widget-agraria_core_contact_form_7.default\">\n\t\t\t\t<div class=\"elementor-widget-container\">\n\t\t\t\t\t\t\t\t<div class=\"qodef-contact-form-7\">\n\t\t\t\t\n<div class=\"wpcf7 no-js\" id=\"wpcf7-f13797-o1\" lang=\"en-US\" dir=\"ltr\" data-wpcf7-id=\"13797\">\n<div class=\"screen-reader-response\"><p role=\"status\" aria-live=\"polite\" aria-atomic=\"true\"><\/p> <ul><\/ul><\/div>\n<form action=\"\/fr\/wp-json\/wp\/v2\/pages\/31307#wpcf7-f13797-o1\" method=\"post\" class=\"wpcf7-form init\" aria-label=\"Contact form\" novalidate=\"novalidate\" data-status=\"init\">\n<fieldset class=\"hidden-fields-container\"><input type=\"hidden\" name=\"_wpcf7\" value=\"13797\" \/><input type=\"hidden\" name=\"_wpcf7_version\" value=\"6.1.5\" \/><input type=\"hidden\" name=\"_wpcf7_locale\" value=\"en_US\" \/><input type=\"hidden\" name=\"_wpcf7_unit_tag\" value=\"wpcf7-f13797-o1\" \/><input type=\"hidden\" name=\"_wpcf7_container_post\" value=\"0\" \/><input type=\"hidden\" name=\"_wpcf7_posted_data_hash\" value=\"\" \/>\n<\/fieldset>\n<div class=\"qodef-contact-form-style\"><span class=\"wpcf7-form-control-wrap\" data-name=\"your-name\"><input size=\"40\" maxlength=\"400\" class=\"wpcf7-form-control wpcf7-text wpcf7-validates-as-required\" aria-required=\"true\" aria-invalid=\"false\" placeholder=\"Nom\" value=\"\" type=\"text\" name=\"your-name\" \/><\/span><span class=\"wpcf7-form-control-wrap\" data-name=\"your-email\"><input size=\"40\" maxlength=\"400\" class=\"wpcf7-form-control wpcf7-email wpcf7-text wpcf7-validates-as-email\" aria-invalid=\"false\" placeholder=\"Email\" value=\"\" type=\"email\" name=\"your-email\" \/><\/span><span class=\"wpcf7-form-control-wrap\" data-name=\"your-message\"><textarea cols=\"40\" rows=\"5\" maxlength=\"2000\" class=\"wpcf7-form-control wpcf7-textarea wpcf7-validates-as-required\" aria-required=\"true\" aria-invalid=\"false\" placeholder=\"Message\" name=\"your-message\"><\/textarea><\/span><button class=\"wpcf7-form-control wpcf7-submit qodef-button qodef-size--normal qodef-layout--filled qodef-m\" type=\"submit\"><span class=\"qodef-m-text\">Envoyer<\/span><span class=\"qodef-m-icon\"><svg class=\"qodef-svg--button-arrow\" xmlns=\"http:\/\/www.w3.org\/2000\/svg\" width=\"15.494\" height=\"14.228\" viewBox=\"0 0 15.494 14.228\"><path d=\"m8.77664801 1.48433105 5.65685425 5.65685425L8.776648 12.79803955\"\/><path d=\"M13.478201 7.11360813H.75027894\"\/><\/svg><\/span><\/button><\/div><div class=\"wpcf7-response-output\" aria-hidden=\"true\"><\/div>\n<\/form>\n<\/div>\n\t\t\t<\/div>\n\t\t\t\t\t\t\t<\/div>\n\t\t\t\t<\/div>\n\t\t\t\t\t<\/div>\n\t\t<\/div>\n\t\t\t\t\t<\/div>\n\t\t<\/section>\n\t\t\t\t<section class=\"elementor-section elementor-top-section elementor-element elementor-element-3843eaca elementor-section-full_width elementor-section-height-default elementor-section-height-default\" data-id=\"3843eaca\" data-element_type=\"section\" data-e-type=\"section\" data-settings=\"{&quot;background_background&quot;:&quot;classic&quot;}\">\n\t\t\t\t\t\t<div class=\"elementor-container elementor-column-gap-default\">\n\t\t\t\t\t<div class=\"elementor-column elementor-col-100 elementor-top-column elementor-element elementor-element-6fec935a\" data-id=\"6fec935a\" data-element_type=\"column\" data-e-type=\"column\">\n\t\t\t<div class=\"elementor-widget-wrap elementor-element-populated\">\n\t\t\t\t\t\t<section class=\"elementor-section elementor-inner-section elementor-element elementor-element-1d7b8938 elementor-section-boxed elementor-section-height-default elementor-section-height-default\" data-id=\"1d7b8938\" data-element_type=\"section\" data-e-type=\"section\">\n\t\t\t\t\t\t<div class=\"elementor-container elementor-column-gap-default\">\n\t\t\t\t\t<div class=\"elementor-column elementor-col-50 elementor-inner-column elementor-element elementor-element-7655f6e4\" data-id=\"7655f6e4\" data-element_type=\"column\" data-e-type=\"column\">\n\t\t\t<div class=\"elementor-widget-wrap elementor-element-populated\">\n\t\t\t\t\t\t<div class=\"elementor-element elementor-element-5ee761e2 elementor-widget elementor-widget-heading\" data-id=\"5ee761e2\" data-element_type=\"widget\" data-e-type=\"widget\" data-widget_type=\"heading.default\">\n\t\t\t\t<div class=\"elementor-widget-container\">\n\t\t\t\t\t<p class=\"elementor-heading-title elementor-size-default\">\u00a9 2023 Mesbrots<\/p>\t\t\t\t<\/div>\n\t\t\t\t<\/div>\n\t\t\t\t\t<\/div>\n\t\t<\/div>\n\t\t\t\t<div class=\"elementor-column elementor-col-50 elementor-inner-column elementor-element elementor-element-2761e0b5\" data-id=\"2761e0b5\" data-element_type=\"column\" data-e-type=\"column\">\n\t\t\t<div class=\"elementor-widget-wrap elementor-element-populated\">\n\t\t\t\t\t\t<div class=\"elementor-element elementor-element-311eb6a6 elementor-widget elementor-widget-heading\" data-id=\"311eb6a6\" data-element_type=\"widget\" data-e-type=\"widget\" data-widget_type=\"heading.default\">\n\t\t\t\t<div class=\"elementor-widget-container\">\n\t\t\t\t\t<p class=\"elementor-heading-title elementor-size-default\">Avis legal | Politica de privacitat<\/p>\t\t\t\t<\/div>\n\t\t\t\t<\/div>\n\t\t\t\t\t<\/div>\n\t\t<\/div>\n\t\t\t\t\t<\/div>\n\t\t<\/section>\n\t\t\t\t\t<\/div>\n\t\t<\/div>\n\t\t\t\t\t<\/div>\n\t\t<\/section>\n\t\t\t\t<section class=\"elementor-section elementor-top-section elementor-element elementor-element-11a96b3b elementor-section-boxed elementor-section-height-default elementor-section-height-default\" data-id=\"11a96b3b\" data-element_type=\"section\" data-e-type=\"section\">\n\t\t\t\t\t\t<div class=\"elementor-container elementor-column-gap-default\">\n\t\t\t\t\t<div class=\"elementor-column elementor-col-100 elementor-top-column elementor-element elementor-element-7e7a120a\" data-id=\"7e7a120a\" data-element_type=\"column\" data-e-type=\"column\">\n\t\t\t<div class=\"elementor-widget-wrap elementor-element-populated\">\n\t\t\t\t\t\t<div class=\"elementor-element elementor-element-686cec25 elementor-widget elementor-widget-image\" data-id=\"686cec25\" data-element_type=\"widget\" data-e-type=\"widget\" data-widget_type=\"image.default\">\n\t\t\t\t<div class=\"elementor-widget-container\">\n\t\t\t\t\t\t\t\t\t\t\t\t\t\t\t<img fetchpriority=\"high\" decoding=\"async\" width=\"1024\" height=\"51\" src=\"https:\/\/www.mesbrots.cat\/wp-content\/uploads\/2024\/03\/kit-1-1024x51.png\" class=\"attachment-large size-large wp-image-31385\" alt=\"\" srcset=\"https:\/\/www.mesbrots.cat\/wp-content\/uploads\/2024\/03\/kit-1-1024x51.png 1024w, https:\/\/www.mesbrots.cat\/wp-content\/uploads\/2024\/03\/kit-1-300x15.png 300w, https:\/\/www.mesbrots.cat\/wp-content\/uploads\/2024\/03\/kit-1-768x38.png 768w, https:\/\/www.mesbrots.cat\/wp-content\/uploads\/2024\/03\/kit-1-1536x76.png 1536w, https:\/\/www.mesbrots.cat\/wp-content\/uploads\/2024\/03\/kit-1-2048x102.png 2048w\" sizes=\"(max-width: 1024px) 100vw, 1024px\" \/>\t\t\t\t\t\t\t\t\t\t\t\t\t\t\t<\/div>\n\t\t\t\t<\/div>\n\t\t\t\t\t<\/div>\n\t\t<\/div>\n\t\t\t\t\t<\/div>\n\t\t<\/section>\n\t\t\t\t<\/div>\n\t\t","protected":false},"excerpt":{"rendered":"<p>+brots coffe &amp; brunch + Brots Coffee &amp; Brunch Toute l&rsquo;\u00e9quipe de + Brots vous attend pour vous offrir des moments doux et sp\u00e9ciaux. Si vous avez des questions, souhaitez passer une commande ou avez besoin de plus d&rsquo;informations, \u00e9crivez-nous via le formulaire. Adresse Carrer de la for\u00e7a, 1, bax 2 ALLER Contact 872 045 [&hellip;]<\/p>\n","protected":false},"author":1,"featured_media":0,"parent":0,"menu_order":0,"comment_status":"closed","ping_status":"closed","template":"page-full-width.php","meta":{"footnotes":""},"class_list":["post-31307","page","type-page","status-publish","hentry"],"yoast_head":"<!-- This site is optimized with the Yoast SEO plugin v27.1.1 - https:\/\/yoast.com\/product\/yoast-seo-wordpress\/ -->\n<title>Contact - Mesbrots<\/title>\n<meta name=\"robots\" content=\"index, follow, max-snippet:-1, max-image-preview:large, max-video-preview:-1\" \/>\n<link rel=\"canonical\" href=\"http:\/\/www.mesbrots.cat\/contacte\/\" \/>\n<meta property=\"og:locale\" content=\"fr_FR\" \/>\n<meta property=\"og:type\" content=\"article\" \/>\n<meta property=\"og:title\" content=\"Contact - Mesbrots\" \/>\n<meta property=\"og:description\" content=\"+brots coffe &amp; brunch + Brots Coffee &amp; Brunch Toute l&rsquo;\u00e9quipe de + Brots vous attend pour vous offrir des moments doux et sp\u00e9ciaux. Si vous avez des questions, souhaitez passer une commande ou avez besoin de plus d&rsquo;informations, \u00e9crivez-nous via le formulaire. Adresse Carrer de la for\u00e7a, 1, bax 2 ALLER Contact 872 045 [&hellip;]\" \/>\n<meta property=\"og:url\" content=\"http:\/\/www.mesbrots.cat\/contacte\/\" \/>\n<meta property=\"og:site_name\" content=\"Mesbrots\" \/>\n<meta property=\"article:modified_time\" content=\"2024-03-11T13:55:17+00:00\" \/>\n<meta property=\"og:image\" content=\"http:\/\/www.mesbrots.cat\/wp-content\/uploads\/2024\/03\/kit-1-1024x51.png\" \/>\n<meta name=\"twitter:card\" content=\"summary_large_image\" \/>\n<script type=\"application\/ld+json\" class=\"yoast-schema-graph\">{\"@context\":\"https:\/\/schema.org\",\"@graph\":[{\"@type\":\"WebPage\",\"@id\":\"http:\/\/www.mesbrots.cat\/contacte\/\",\"url\":\"http:\/\/www.mesbrots.cat\/contacte\/\",\"name\":\"Contact - Mesbrots\",\"isPartOf\":{\"@id\":\"https:\/\/www.mesbrots.cat\/#website\"},\"primaryImageOfPage\":{\"@id\":\"http:\/\/www.mesbrots.cat\/contacte\/#primaryimage\"},\"image\":{\"@id\":\"http:\/\/www.mesbrots.cat\/contacte\/#primaryimage\"},\"thumbnailUrl\":\"http:\/\/www.mesbrots.cat\/wp-content\/uploads\/2024\/03\/kit-1-1024x51.png\",\"datePublished\":\"2024-02-24T16:37:52+00:00\",\"dateModified\":\"2024-03-11T13:55:17+00:00\",\"breadcrumb\":{\"@id\":\"http:\/\/www.mesbrots.cat\/contacte\/#breadcrumb\"},\"inLanguage\":\"fr-FR\",\"potentialAction\":[{\"@type\":\"ReadAction\",\"target\":[\"http:\/\/www.mesbrots.cat\/contacte\/\"]}]},{\"@type\":\"ImageObject\",\"inLanguage\":\"fr-FR\",\"@id\":\"http:\/\/www.mesbrots.cat\/contacte\/#primaryimage\",\"url\":\"http:\/\/www.mesbrots.cat\/wp-content\/uploads\/2024\/03\/kit-1-1024x51.png\",\"contentUrl\":\"http:\/\/www.mesbrots.cat\/wp-content\/uploads\/2024\/03\/kit-1-1024x51.png\"},{\"@type\":\"BreadcrumbList\",\"@id\":\"http:\/\/www.mesbrots.cat\/contacte\/#breadcrumb\",\"itemListElement\":[{\"@type\":\"ListItem\",\"position\":1,\"name\":\"Inici\",\"item\":\"http:\/\/www.mesbrots.cat\/\"},{\"@type\":\"ListItem\",\"position\":2,\"name\":\"Contact\"}]},{\"@type\":\"WebSite\",\"@id\":\"https:\/\/www.mesbrots.cat\/#website\",\"url\":\"https:\/\/www.mesbrots.cat\/\",\"name\":\"Mesbrots\",\"description\":\"Coffee Brunch\",\"potentialAction\":[{\"@type\":\"SearchAction\",\"target\":{\"@type\":\"EntryPoint\",\"urlTemplate\":\"https:\/\/www.mesbrots.cat\/?s={search_term_string}\"},\"query-input\":{\"@type\":\"PropertyValueSpecification\",\"valueRequired\":true,\"valueName\":\"search_term_string\"}}],\"inLanguage\":\"fr-FR\"}]}<\/script>\n<!-- \/ Yoast SEO plugin. -->","yoast_head_json":{"title":"Contact - Mesbrots","robots":{"index":"index","follow":"follow","max-snippet":"max-snippet:-1","max-image-preview":"max-image-preview:large","max-video-preview":"max-video-preview:-1"},"canonical":"http:\/\/www.mesbrots.cat\/contacte\/","og_locale":"fr_FR","og_type":"article","og_title":"Contact - Mesbrots","og_description":"+brots coffe &amp; brunch + Brots Coffee &amp; Brunch Toute l&rsquo;\u00e9quipe de + Brots vous attend pour vous offrir des moments doux et sp\u00e9ciaux. Si vous avez des questions, souhaitez passer une commande ou avez besoin de plus d&rsquo;informations, \u00e9crivez-nous via le formulaire. Adresse Carrer de la for\u00e7a, 1, bax 2 ALLER Contact 872 045 [&hellip;]","og_url":"http:\/\/www.mesbrots.cat\/contacte\/","og_site_name":"Mesbrots","article_modified_time":"2024-03-11T13:55:17+00:00","og_image":[{"url":"http:\/\/www.mesbrots.cat\/wp-content\/uploads\/2024\/03\/kit-1-1024x51.png","type":"","width":"","height":""}],"twitter_card":"summary_large_image","schema":{"@context":"https:\/\/schema.org","@graph":[{"@type":"WebPage","@id":"http:\/\/www.mesbrots.cat\/contacte\/","url":"http:\/\/www.mesbrots.cat\/contacte\/","name":"Contact - Mesbrots","isPartOf":{"@id":"https:\/\/www.mesbrots.cat\/#website"},"primaryImageOfPage":{"@id":"http:\/\/www.mesbrots.cat\/contacte\/#primaryimage"},"image":{"@id":"http:\/\/www.mesbrots.cat\/contacte\/#primaryimage"},"thumbnailUrl":"http:\/\/www.mesbrots.cat\/wp-content\/uploads\/2024\/03\/kit-1-1024x51.png","datePublished":"2024-02-24T16:37:52+00:00","dateModified":"2024-03-11T13:55:17+00:00","breadcrumb":{"@id":"http:\/\/www.mesbrots.cat\/contacte\/#breadcrumb"},"inLanguage":"fr-FR","potentialAction":[{"@type":"ReadAction","target":["http:\/\/www.mesbrots.cat\/contacte\/"]}]},{"@type":"ImageObject","inLanguage":"fr-FR","@id":"http:\/\/www.mesbrots.cat\/contacte\/#primaryimage","url":"http:\/\/www.mesbrots.cat\/wp-content\/uploads\/2024\/03\/kit-1-1024x51.png","contentUrl":"http:\/\/www.mesbrots.cat\/wp-content\/uploads\/2024\/03\/kit-1-1024x51.png"},{"@type":"BreadcrumbList","@id":"http:\/\/www.mesbrots.cat\/contacte\/#breadcrumb","itemListElement":[{"@type":"ListItem","position":1,"name":"Inici","item":"http:\/\/www.mesbrots.cat\/"},{"@type":"ListItem","position":2,"name":"Contact"}]},{"@type":"WebSite","@id":"https:\/\/www.mesbrots.cat\/#website","url":"https:\/\/www.mesbrots.cat\/","name":"Mesbrots","description":"Coffee Brunch","potentialAction":[{"@type":"SearchAction","target":{"@type":"EntryPoint","urlTemplate":"https:\/\/www.mesbrots.cat\/?s={search_term_string}"},"query-input":{"@type":"PropertyValueSpecification","valueRequired":true,"valueName":"search_term_string"}}],"inLanguage":"fr-FR"}]}},"_links":{"self":[{"href":"https:\/\/www.mesbrots.cat\/fr\/wp-json\/wp\/v2\/pages\/31307","targetHints":{"allow":["GET"]}}],"collection":[{"href":"https:\/\/www.mesbrots.cat\/fr\/wp-json\/wp\/v2\/pages"}],"about":[{"href":"https:\/\/www.mesbrots.cat\/fr\/wp-json\/wp\/v2\/types\/page"}],"author":[{"embeddable":true,"href":"https:\/\/www.mesbrots.cat\/fr\/wp-json\/wp\/v2\/users\/1"}],"replies":[{"embeddable":true,"href":"https:\/\/www.mesbrots.cat\/fr\/wp-json\/wp\/v2\/comments?post=31307"}],"version-history":[{"count":0,"href":"https:\/\/www.mesbrots.cat\/fr\/wp-json\/wp\/v2\/pages\/31307\/revisions"}],"wp:attachment":[{"href":"https:\/\/www.mesbrots.cat\/fr\/wp-json\/wp\/v2\/media?parent=31307"}],"curies":[{"name":"wp","href":"https:\/\/api.w.org\/{rel}","templated":true}]}}