{"id":31262,"date":"2024-02-24T18:37:44","date_gmt":"2024-02-24T17:37:44","guid":{"rendered":"https:\/\/www.mesbrots.cat\/grup\/"},"modified":"2024-03-11T14:53:19","modified_gmt":"2024-03-11T13:53:19","slug":"grup","status":"publish","type":"page","link":"https:\/\/www.mesbrots.cat\/es\/grup\/","title":{"rendered":"Grup"},"content":{"rendered":"\t\t<div data-elementor-type=\"wp-page\" data-elementor-id=\"31262\" class=\"elementor elementor-31262 elementor-31228\" data-elementor-post-type=\"page\">\n\t\t\t\t\t\t<section class=\"elementor-section elementor-top-section elementor-element elementor-element-65f0d8ae elementor-section-full_width qodef-elementor-content-grid elementor-section-height-default elementor-section-height-default\" data-id=\"65f0d8ae\" data-element_type=\"section\" data-e-type=\"section\">\n\t\t\t\t\t\t<div class=\"elementor-container elementor-column-gap-default\">\n\t\t\t\t\t<div class=\"elementor-column elementor-col-100 elementor-top-column elementor-element elementor-element-729d089b\" data-id=\"729d089b\" data-element_type=\"column\" data-e-type=\"column\">\n\t\t\t<div class=\"elementor-widget-wrap elementor-element-populated\">\n\t\t\t\t\t\t<section class=\"elementor-section elementor-inner-section elementor-element elementor-element-2ab14214 elementor-section-full_width elementor-section-height-default elementor-section-height-default\" data-id=\"2ab14214\" data-element_type=\"section\" data-e-type=\"section\">\n\t\t\t\t\t\t<div class=\"elementor-container elementor-column-gap-default\">\n\t\t\t\t\t<div class=\"elementor-column elementor-col-33 elementor-inner-column elementor-element elementor-element-206ae560\" data-id=\"206ae560\" data-element_type=\"column\" data-e-type=\"column\">\n\t\t\t<div class=\"elementor-widget-wrap elementor-element-populated\">\n\t\t\t\t\t\t<div class=\"elementor-element elementor-element-2b5fc4ed elementor-widget elementor-widget-image\" data-id=\"2b5fc4ed\" data-element_type=\"widget\" data-e-type=\"widget\" data-widget_type=\"image.default\">\n\t\t\t\t<div class=\"elementor-widget-container\">\n\t\t\t\t\t\t\t\t\t\t\t\t\t\t\t<img decoding=\"async\" src=\"https:\/\/www.mesbrots.cat\/wp-content\/uploads\/2023\/10\/Mesa-de-trabajo-2@3x-100.jpg\" title=\"Mesa-de-trabajo-2@3x-100\" alt=\"Mesa-de-trabajo-2@3x-100\" loading=\"lazy\" \/>\t\t\t\t\t\t\t\t\t\t\t\t\t\t\t<\/div>\n\t\t\t\t<\/div>\n\t\t\t\t<div class=\"elementor-element elementor-element-46d81867 elementor-widget elementor-widget-heading\" data-id=\"46d81867\" data-element_type=\"widget\" data-e-type=\"widget\" data-widget_type=\"heading.default\">\n\t\t\t\t<div class=\"elementor-widget-container\">\n\t\t\t\t\t<h2 class=\"elementor-heading-title elementor-size-default\">Supermercado <br \/>\necol\u00f3gico<\/h2>\t\t\t\t<\/div>\n\t\t\t\t<\/div>\n\t\t\t\t<div class=\"elementor-element elementor-element-4839a9e5 elementor-widget elementor-widget-text-editor\" data-id=\"4839a9e5\" data-element_type=\"widget\" data-e-type=\"widget\" data-widget_type=\"text-editor.default\">\n\t\t\t\t<div class=\"elementor-widget-container\">\n\t\t\t\t\t\t\t\t\t<p class=\"p1\">En\u00a0<strong>BioBrots<\/strong>, encontrar\u00e1s una amplia selecci\u00f3n de alimentos frescos y secos\u00a0<strong>TODOS CERTIFICADOS EN ECOL\u00d3GICO<\/strong>\u00a0que buscan facilitar una alimentaci\u00f3n saludable para el m\u00e1ximo de personas posible. Nuestra oferta incluye cereales, chocolates, infusiones y t\u00e9s, caf\u00e9, pasta, arroces, bebidas vegetales, productos\u2026<\/p>\t\t\t\t\t\t\t\t<\/div>\n\t\t\t\t<\/div>\n\t\t\t\t<div class=\"elementor-element elementor-element-5d067e53 elementor-widget elementor-widget-agraria_core_button\" data-id=\"5d067e53\" data-element_type=\"widget\" data-e-type=\"widget\" data-widget_type=\"agraria_core_button.default\">\n\t\t\t\t<div class=\"elementor-widget-container\">\n\t\t\t\t\t<a class=\"qodef-shortcode qodef-m  qodef-button qodef-layout--textual  qodef-html--link\" href=\"http:\/\/www.mesbrots.cat\/botiga\/\" target=\"_blank\"  style=\"color: #91140C\">\n\t<span class=\"qodef-m-text\">Tienda<\/span>\n    <span class=\"qodef-m-icon\"><svg class=\"qodef-svg--button-arrow\" xmlns=\"http:\/\/www.w3.org\/2000\/svg\" width=\"15.494\" height=\"14.228\" viewBox=\"0 0 15.494 14.228\"><path d=\"m8.77664801 1.48433105 5.65685425 5.65685425L8.776648 12.79803955\"\/><path d=\"M13.478201 7.11360813H.75027894\"\/><\/svg><\/span>\n<\/a>\n\t\t\t\t<\/div>\n\t\t\t\t<\/div>\n\t\t\t\t\t<\/div>\n\t\t<\/div>\n\t\t\t\t<div class=\"elementor-column elementor-col-33 elementor-inner-column elementor-element elementor-element-649b4793\" data-id=\"649b4793\" data-element_type=\"column\" data-e-type=\"column\">\n\t\t\t<div class=\"elementor-widget-wrap elementor-element-populated\">\n\t\t\t\t\t\t<div class=\"elementor-element elementor-element-5764b098 elementor-widget elementor-widget-image\" data-id=\"5764b098\" data-element_type=\"widget\" data-e-type=\"widget\" data-widget_type=\"image.default\">\n\t\t\t\t<div class=\"elementor-widget-container\">\n\t\t\t\t\t\t\t\t\t\t\t\t\t\t\t<img decoding=\"async\" src=\"https:\/\/www.mesbrots.cat\/wp-content\/uploads\/2023\/10\/Disseny-sense-titol-36.jpg\" title=\"Disseny-sense-titol-36\" alt=\"Disseny-sense-titol-36\" loading=\"lazy\" \/>\t\t\t\t\t\t\t\t\t\t\t\t\t\t\t<\/div>\n\t\t\t\t<\/div>\n\t\t\t\t<div class=\"elementor-element elementor-element-123366bc elementor-widget elementor-widget-heading\" data-id=\"123366bc\" data-element_type=\"widget\" data-e-type=\"widget\" data-widget_type=\"heading.default\">\n\t\t\t\t<div class=\"elementor-widget-container\">\n\t\t\t\t\t<h2 class=\"elementor-heading-title elementor-size-default\">BROTS DE VI, LA SOSTENIBILIDAD ALIMENTARIA EN EL RESTAURANTE<\/h2>\t\t\t\t<\/div>\n\t\t\t\t<\/div>\n\t\t\t\t<div class=\"elementor-element elementor-element-31dbb09d elementor-widget elementor-widget-text-editor\" data-id=\"31dbb09d\" data-element_type=\"widget\" data-e-type=\"widget\" data-widget_type=\"text-editor.default\">\n\t\t\t\t<div class=\"elementor-widget-container\">\n\t\t\t\t\t\t\t\t\t<p class=\"p1\">Con la misma voluntad que en el supermercado ecol\u00f3gico, en el Bistr\u00f4 Brots de Vi de Girona apostamos por una carta FRESCA con producto de CALIDAD, proximidad y sin pretensiones, cocinado al momento con poco maquillaje; con vinos naturales y biodin\u00e1micos, de casa y de fuera, para botellas y copas.<\/p>\t\t\t\t\t\t\t\t<\/div>\n\t\t\t\t<\/div>\n\t\t\t\t<div class=\"elementor-element elementor-element-b00104c elementor-widget elementor-widget-agraria_core_button\" data-id=\"b00104c\" data-element_type=\"widget\" data-e-type=\"widget\" data-widget_type=\"agraria_core_button.default\">\n\t\t\t\t<div class=\"elementor-widget-container\">\n\t\t\t\t\t<a class=\"qodef-shortcode qodef-m  qodef-button qodef-layout--textual  qodef-html--link\" href=\"https:\/\/phpstack-1113120-4125435.cloudwaysapps.com\/es\/\" target=\"_blank\"  style=\"color: #91140C\">\n\t<span class=\"qodef-m-text\">M\u00c1S INFORMACI\u00d3N <\/span>\n    <span class=\"qodef-m-icon\"><svg class=\"qodef-svg--button-arrow\" xmlns=\"http:\/\/www.w3.org\/2000\/svg\" width=\"15.494\" height=\"14.228\" viewBox=\"0 0 15.494 14.228\"><path d=\"m8.77664801 1.48433105 5.65685425 5.65685425L8.776648 12.79803955\"\/><path d=\"M13.478201 7.11360813H.75027894\"\/><\/svg><\/span>\n<\/a>\n\t\t\t\t<\/div>\n\t\t\t\t<\/div>\n\t\t\t\t\t<\/div>\n\t\t<\/div>\n\t\t\t\t<div class=\"elementor-column elementor-col-33 elementor-inner-column elementor-element elementor-element-7ab222a6\" data-id=\"7ab222a6\" data-element_type=\"column\" data-e-type=\"column\">\n\t\t\t<div class=\"elementor-widget-wrap elementor-element-populated\">\n\t\t\t\t\t\t<div class=\"elementor-element elementor-element-3b305f5d elementor-widget elementor-widget-image\" data-id=\"3b305f5d\" data-element_type=\"widget\" data-e-type=\"widget\" data-widget_type=\"image.default\">\n\t\t\t\t<div class=\"elementor-widget-container\">\n\t\t\t\t\t\t\t\t\t\t\t\t\t\t\t<img decoding=\"async\" src=\"https:\/\/www.mesbrots.cat\/wp-content\/uploads\/2023\/09\/cid__1867ed87d0b1a4908b31_-scaled.jpg\" title=\"!cid__1867ed87d0b1a4908b31_\" alt=\"!cid__1867ed87d0b1a4908b31_\" loading=\"lazy\" \/>\t\t\t\t\t\t\t\t\t\t\t\t\t\t\t<\/div>\n\t\t\t\t<\/div>\n\t\t\t\t<div class=\"elementor-element elementor-element-7ce612eb elementor-widget elementor-widget-heading\" data-id=\"7ce612eb\" data-element_type=\"widget\" data-e-type=\"widget\" data-widget_type=\"heading.default\">\n\t\t\t\t<div class=\"elementor-widget-container\">\n\t\t\t\t\t<h2 class=\"elementor-heading-title elementor-size-default\">+ BROTS, UN COFFE BRUNCH PARA DISFRUTAR HACIENDO SALUD<\/h2>\t\t\t\t<\/div>\n\t\t\t\t<\/div>\n\t\t\t\t<div class=\"elementor-element elementor-element-5817b8ae elementor-widget elementor-widget-text-editor\" data-id=\"5817b8ae\" data-element_type=\"widget\" data-e-type=\"widget\" data-widget_type=\"text-editor.default\">\n\t\t\t\t<div class=\"elementor-widget-container\">\n\t\t\t\t\t\t\t\t\t<p class=\"p1\">La \u00faltima novedad de grupo y en sinton\u00eda de la esencia del supermercado ecol\u00f3gico y el restaurante, nace + Brots, un COFFEE BRUNCH con caf\u00e9 DE ESPECIALIDAD y productos sostenibles, ARTESANOS CON PRODUCCI\u00d3N PROPIA Y DIARIA. Goza del dulce saludablemente, y con la sostenibilidad que nos da un producto circular.<span class=\"Apple-converted-space\">\u00a0<\/span><\/p>\t\t\t\t\t\t\t\t<\/div>\n\t\t\t\t<\/div>\n\t\t\t\t<div class=\"elementor-element elementor-element-520d2ce9 elementor-widget elementor-widget-agraria_core_button\" data-id=\"520d2ce9\" data-element_type=\"widget\" data-e-type=\"widget\" data-widget_type=\"agraria_core_button.default\">\n\t\t\t\t<div class=\"elementor-widget-container\">\n\t\t\t\t\t<a class=\"qodef-shortcode qodef-m  qodef-button qodef-layout--textual  qodef-html--link\" href=\"https:\/\/maps.app.goo.gl\/7wbXhKFqdabmfcB96\" target=\"_blank\"  style=\"color: #91140C\">\n\t<span class=\"qodef-m-text\">M\u00c1S INFORMACI\u00d3N<\/span>\n    <span class=\"qodef-m-icon\"><svg class=\"qodef-svg--button-arrow\" xmlns=\"http:\/\/www.w3.org\/2000\/svg\" width=\"15.494\" height=\"14.228\" viewBox=\"0 0 15.494 14.228\"><path d=\"m8.77664801 1.48433105 5.65685425 5.65685425L8.776648 12.79803955\"\/><path d=\"M13.478201 7.11360813H.75027894\"\/><\/svg><\/span>\n<\/a>\n\t\t\t\t<\/div>\n\t\t\t\t<\/div>\n\t\t\t\t\t<\/div>\n\t\t<\/div>\n\t\t\t\t\t<\/div>\n\t\t<\/section>\n\t\t\t\t<section class=\"elementor-section elementor-inner-section elementor-element elementor-element-4955aab7 elementor-section-full_width elementor-section-height-default elementor-section-height-default\" data-id=\"4955aab7\" data-element_type=\"section\" data-e-type=\"section\">\n\t\t\t\t\t\t<div class=\"elementor-container elementor-column-gap-default\">\n\t\t\t\t\t<div class=\"elementor-column elementor-col-33 elementor-inner-column elementor-element elementor-element-24d259a0\" data-id=\"24d259a0\" data-element_type=\"column\" data-e-type=\"column\">\n\t\t\t<div class=\"elementor-widget-wrap elementor-element-populated\">\n\t\t\t\t\t\t<div class=\"elementor-element elementor-element-36056abf elementor-widget elementor-widget-image\" data-id=\"36056abf\" data-element_type=\"widget\" data-e-type=\"widget\" data-widget_type=\"image.default\">\n\t\t\t\t<div class=\"elementor-widget-container\">\n\t\t\t\t\t\t\t\t\t\t\t\t\t\t\t<img decoding=\"async\" src=\"https:\/\/www.mesbrots.cat\/wp-content\/uploads\/2023\/10\/Disseny-sense-titol-28.jpg\" title=\"Disseny-sense-titol-28\" alt=\"Disseny-sense-titol-28\" loading=\"lazy\" \/>\t\t\t\t\t\t\t\t\t\t\t\t\t\t\t<\/div>\n\t\t\t\t<\/div>\n\t\t\t\t\t<\/div>\n\t\t<\/div>\n\t\t\t\t<div class=\"elementor-column elementor-col-66 elementor-inner-column elementor-element elementor-element-7be6ee82\" data-id=\"7be6ee82\" data-element_type=\"column\" data-e-type=\"column\">\n\t\t\t<div class=\"elementor-widget-wrap elementor-element-populated\">\n\t\t\t\t\t\t<div class=\"elementor-element elementor-element-627cc98d elementor-widget elementor-widget-heading\" data-id=\"627cc98d\" data-element_type=\"widget\" data-e-type=\"widget\" data-widget_type=\"heading.default\">\n\t\t\t\t<div class=\"elementor-widget-container\">\n\t\t\t\t\t<h2 class=\"elementor-heading-title elementor-size-default\">EL PROYECTO DE LOS BROTS EN GIRONA<\/h2>\t\t\t\t<\/div>\n\t\t\t\t<\/div>\n\t\t\t\t<div class=\"elementor-element elementor-element-6b41c114 elementor-widget elementor-widget-text-editor\" data-id=\"6b41c114\" data-element_type=\"widget\" data-e-type=\"widget\" data-widget_type=\"text-editor.default\">\n\t\t\t\t<div class=\"elementor-widget-container\">\n\t\t\t\t\t\t\t\t\t<p class=\"p1\">Nace hace unos a\u00f1os con\u00a0<strong>BROTS DE VI<\/strong>,\u00a0buscando un espacio de alimentaci\u00f3n saludable, gastron\u00f3mico e informal donde disfrutar de la comida y el vino natural.<\/p><p class=\"p1\">Le sigue\u00a0<strong>BIO BROTS, nuestra tienda ecol\u00f3gica<\/strong>, situada en la calle de la Creu, necesaria para poder suministrar a Brots de vi productos de nuestros huertos, nuestros campos y nuestros vi\u00f1edos, a la vez que ofrecer una oferta de alimentaci\u00f3n consciente y sostenible en nuestra ciudad, potenciando el producto fresco: Panader\u00eda, carnicer\u00eda, fruta y verdura, l\u00e1cteos\u2026 Ahora, cierra el c\u00edrculo con el m\u00e1s peque\u00f1o de la casa, <strong>+ BROTS,<span class=\"Apple-converted-space\">\u00a0 <\/span>COFFEE BRUNCH<\/strong> , un espacio con la parte m\u00e1s dulce de la familia; cookies, muffins, pasteles, helados artesanos, caf\u00e9 de especialidad, pero tambi\u00e9n con un marcado estilo<span class=\"Apple-converted-space\">\u00a0 <\/span>brunch: crepes, baggels, tostadas, bowls,\u2026 todo con producci\u00f3n propia y diaria como Brots de vi, rompiendo los estereotipos, donde los producto dulce o un helado, s\u00ed es saludable, nutritivo, sin az\u00facares industriales a\u00f1adidos, ni grasas ni conservantes, gelificantes, emulsionantes, etc\u2026 Una oferta de crepes dulces y saladas con bases de trigo sarraceno o mijo, sin leche ni huevo, donde puede verse, que divertirse y disfrutar comiendo puede ser muy saludable.<\/p><p class=\"p1\"><strong>Porque la sostenibilidad tambi\u00e9n se encuentra en la rotaci\u00f3n del producto y la econom\u00eda circular, as\u00ed las tres ruedas del triciclo, hacen que el proyecto sea posible.<\/strong><\/p>\t\t\t\t\t\t\t\t<\/div>\n\t\t\t\t<\/div>\n\t\t\t\t\t<\/div>\n\t\t<\/div>\n\t\t\t\t\t<\/div>\n\t\t<\/section>\n\t\t\t\t\t<\/div>\n\t\t<\/div>\n\t\t\t\t\t<\/div>\n\t\t<\/section>\n\t\t\t\t<section class=\"elementor-section elementor-top-section elementor-element elementor-element-3ed43f64 elementor-section-full_width elementor-section-height-default elementor-section-height-default\" data-id=\"3ed43f64\" data-element_type=\"section\" data-e-type=\"section\" data-settings=\"{&quot;background_background&quot;:&quot;classic&quot;}\">\n\t\t\t\t\t\t<div class=\"elementor-container elementor-column-gap-default\">\n\t\t\t\t\t<div class=\"elementor-column elementor-col-100 elementor-top-column elementor-element elementor-element-74a26b17\" data-id=\"74a26b17\" data-element_type=\"column\" data-e-type=\"column\">\n\t\t\t<div class=\"elementor-widget-wrap elementor-element-populated\">\n\t\t\t\t\t\t<section class=\"elementor-section elementor-inner-section elementor-element elementor-element-63e298e8 elementor-section-boxed elementor-section-height-default elementor-section-height-default\" data-id=\"63e298e8\" data-element_type=\"section\" data-e-type=\"section\">\n\t\t\t\t\t\t<div class=\"elementor-container elementor-column-gap-default\">\n\t\t\t\t\t<div class=\"elementor-column elementor-col-50 elementor-inner-column elementor-element elementor-element-4cd46073\" data-id=\"4cd46073\" data-element_type=\"column\" data-e-type=\"column\">\n\t\t\t<div class=\"elementor-widget-wrap elementor-element-populated\">\n\t\t\t\t\t\t<div class=\"elementor-element elementor-element-183f1f4d elementor-widget elementor-widget-heading\" data-id=\"183f1f4d\" data-element_type=\"widget\" data-e-type=\"widget\" data-widget_type=\"heading.default\">\n\t\t\t\t<div class=\"elementor-widget-container\">\n\t\t\t\t\t<p class=\"elementor-heading-title elementor-size-default\">\u00a9 2023 Mesbrots<\/p>\t\t\t\t<\/div>\n\t\t\t\t<\/div>\n\t\t\t\t\t<\/div>\n\t\t<\/div>\n\t\t\t\t<div class=\"elementor-column elementor-col-50 elementor-inner-column elementor-element elementor-element-51907d7a\" data-id=\"51907d7a\" data-element_type=\"column\" data-e-type=\"column\">\n\t\t\t<div class=\"elementor-widget-wrap elementor-element-populated\">\n\t\t\t\t\t\t<div class=\"elementor-element elementor-element-42f23d35 elementor-widget elementor-widget-heading\" data-id=\"42f23d35\" data-element_type=\"widget\" data-e-type=\"widget\" data-widget_type=\"heading.default\">\n\t\t\t\t<div class=\"elementor-widget-container\">\n\t\t\t\t\t<p class=\"elementor-heading-title elementor-size-default\">Avis legal | Politica de privacitat<\/p>\t\t\t\t<\/div>\n\t\t\t\t<\/div>\n\t\t\t\t\t<\/div>\n\t\t<\/div>\n\t\t\t\t\t<\/div>\n\t\t<\/section>\n\t\t\t\t\t<\/div>\n\t\t<\/div>\n\t\t\t\t\t<\/div>\n\t\t<\/section>\n\t\t\t\t<section class=\"elementor-section elementor-top-section elementor-element elementor-element-6ef60464 elementor-section-boxed elementor-section-height-default elementor-section-height-default\" data-id=\"6ef60464\" data-element_type=\"section\" data-e-type=\"section\">\n\t\t\t\t\t\t<div class=\"elementor-container elementor-column-gap-default\">\n\t\t\t\t\t<div class=\"elementor-column elementor-col-100 elementor-top-column elementor-element elementor-element-1aba8e05\" data-id=\"1aba8e05\" data-element_type=\"column\" data-e-type=\"column\">\n\t\t\t<div class=\"elementor-widget-wrap elementor-element-populated\">\n\t\t\t\t\t\t<div class=\"elementor-element elementor-element-398213e8 elementor-widget elementor-widget-image\" data-id=\"398213e8\" data-element_type=\"widget\" data-e-type=\"widget\" data-widget_type=\"image.default\">\n\t\t\t\t<div class=\"elementor-widget-container\">\n\t\t\t\t\t\t\t\t\t\t\t\t\t\t\t<img fetchpriority=\"high\" decoding=\"async\" width=\"1024\" height=\"51\" src=\"https:\/\/www.mesbrots.cat\/wp-content\/uploads\/2024\/03\/kit-1-1024x51.png\" class=\"attachment-large size-large wp-image-31386\" alt=\"\" srcset=\"https:\/\/www.mesbrots.cat\/wp-content\/uploads\/2024\/03\/kit-1-1024x51.png 1024w, https:\/\/www.mesbrots.cat\/wp-content\/uploads\/2024\/03\/kit-1-300x15.png 300w, https:\/\/www.mesbrots.cat\/wp-content\/uploads\/2024\/03\/kit-1-768x38.png 768w, https:\/\/www.mesbrots.cat\/wp-content\/uploads\/2024\/03\/kit-1-1536x76.png 1536w, https:\/\/www.mesbrots.cat\/wp-content\/uploads\/2024\/03\/kit-1-2048x102.png 2048w\" sizes=\"(max-width: 1024px) 100vw, 1024px\" \/>\t\t\t\t\t\t\t\t\t\t\t\t\t\t\t<\/div>\n\t\t\t\t<\/div>\n\t\t\t\t\t<\/div>\n\t\t<\/div>\n\t\t\t\t\t<\/div>\n\t\t<\/section>\n\t\t\t\t<\/div>\n\t\t","protected":false},"excerpt":{"rendered":"<p>Supermercado ecol\u00f3gico En\u00a0BioBrots, encontrar\u00e1s una amplia selecci\u00f3n de alimentos frescos y secos\u00a0TODOS CERTIFICADOS EN ECOL\u00d3GICO\u00a0que buscan facilitar una alimentaci\u00f3n saludable para el m\u00e1ximo de personas posible. Nuestra oferta incluye cereales, chocolates, infusiones y t\u00e9s, caf\u00e9, pasta, arroces, bebidas vegetales, productos\u2026 Tienda BROTS DE VI, LA SOSTENIBILIDAD ALIMENTARIA EN EL RESTAURANTE Con la misma voluntad que [&hellip;]<\/p>\n","protected":false},"author":1,"featured_media":0,"parent":0,"menu_order":0,"comment_status":"closed","ping_status":"closed","template":"page-full-width.php","meta":{"footnotes":""},"class_list":["post-31262","page","type-page","status-publish","hentry"],"yoast_head":"<!-- This site is optimized with the Yoast SEO plugin v27.1.1 - https:\/\/yoast.com\/product\/yoast-seo-wordpress\/ -->\n<title>Grup - Mesbrots<\/title>\n<meta name=\"robots\" content=\"index, follow, max-snippet:-1, max-image-preview:large, max-video-preview:-1\" \/>\n<link rel=\"canonical\" href=\"https:\/\/www.mesbrots.cat\/grup\/\" \/>\n<meta property=\"og:locale\" content=\"es_ES\" \/>\n<meta property=\"og:type\" content=\"article\" \/>\n<meta property=\"og:title\" content=\"Grup - Mesbrots\" \/>\n<meta property=\"og:description\" content=\"Supermercado ecol\u00f3gico En\u00a0BioBrots, encontrar\u00e1s una amplia selecci\u00f3n de alimentos frescos y secos\u00a0TODOS CERTIFICADOS EN ECOL\u00d3GICO\u00a0que buscan facilitar una alimentaci\u00f3n saludable para el m\u00e1ximo de personas posible. Nuestra oferta incluye cereales, chocolates, infusiones y t\u00e9s, caf\u00e9, pasta, arroces, bebidas vegetales, productos\u2026 Tienda BROTS DE VI, LA SOSTENIBILIDAD ALIMENTARIA EN EL RESTAURANTE Con la misma voluntad que [&hellip;]\" \/>\n<meta property=\"og:url\" content=\"https:\/\/www.mesbrots.cat\/grup\/\" \/>\n<meta property=\"og:site_name\" content=\"Mesbrots\" \/>\n<meta property=\"article:modified_time\" content=\"2024-03-11T13:53:19+00:00\" \/>\n<meta property=\"og:image\" content=\"http:\/\/www.mesbrots.cat\/wp-content\/uploads\/elementor\/thumbs\/Mesa-de-trabajo-2@3x-100-qdxz3o6fitmke0hydu2pina16skfjhto59i7abbex8.jpg\" \/>\n<meta name=\"twitter:card\" content=\"summary_large_image\" \/>\n<meta name=\"twitter:label1\" content=\"Tiempo de lectura\" \/>\n\t<meta name=\"twitter:data1\" content=\"2 minutos\" \/>\n<script type=\"application\/ld+json\" class=\"yoast-schema-graph\">{\"@context\":\"https:\/\/schema.org\",\"@graph\":[{\"@type\":\"WebPage\",\"@id\":\"https:\/\/www.mesbrots.cat\/grup\/\",\"url\":\"https:\/\/www.mesbrots.cat\/grup\/\",\"name\":\"Grup - Mesbrots\",\"isPartOf\":{\"@id\":\"https:\/\/www.mesbrots.cat\/#website\"},\"primaryImageOfPage\":{\"@id\":\"https:\/\/www.mesbrots.cat\/grup\/#primaryimage\"},\"image\":{\"@id\":\"https:\/\/www.mesbrots.cat\/grup\/#primaryimage\"},\"thumbnailUrl\":\"http:\/\/www.mesbrots.cat\/wp-content\/uploads\/elementor\/thumbs\/Mesa-de-trabajo-2@3x-100-qdxz3o6fitmke0hydu2pina16skfjhto59i7abbex8.jpg\",\"datePublished\":\"2024-02-24T17:37:44+00:00\",\"dateModified\":\"2024-03-11T13:53:19+00:00\",\"breadcrumb\":{\"@id\":\"https:\/\/www.mesbrots.cat\/grup\/#breadcrumb\"},\"inLanguage\":\"es\",\"potentialAction\":[{\"@type\":\"ReadAction\",\"target\":[\"https:\/\/www.mesbrots.cat\/grup\/\"]}]},{\"@type\":\"ImageObject\",\"inLanguage\":\"es\",\"@id\":\"https:\/\/www.mesbrots.cat\/grup\/#primaryimage\",\"url\":\"http:\/\/www.mesbrots.cat\/wp-content\/uploads\/elementor\/thumbs\/Mesa-de-trabajo-2@3x-100-qdxz3o6fitmke0hydu2pina16skfjhto59i7abbex8.jpg\",\"contentUrl\":\"http:\/\/www.mesbrots.cat\/wp-content\/uploads\/elementor\/thumbs\/Mesa-de-trabajo-2@3x-100-qdxz3o6fitmke0hydu2pina16skfjhto59i7abbex8.jpg\"},{\"@type\":\"BreadcrumbList\",\"@id\":\"https:\/\/www.mesbrots.cat\/grup\/#breadcrumb\",\"itemListElement\":[{\"@type\":\"ListItem\",\"position\":1,\"name\":\"Inici\",\"item\":\"https:\/\/www.mesbrots.cat\/es\/\"},{\"@type\":\"ListItem\",\"position\":2,\"name\":\"Grup\"}]},{\"@type\":\"WebSite\",\"@id\":\"https:\/\/www.mesbrots.cat\/#website\",\"url\":\"https:\/\/www.mesbrots.cat\/\",\"name\":\"Mesbrots\",\"description\":\"Coffee Brunch\",\"potentialAction\":[{\"@type\":\"SearchAction\",\"target\":{\"@type\":\"EntryPoint\",\"urlTemplate\":\"https:\/\/www.mesbrots.cat\/?s={search_term_string}\"},\"query-input\":{\"@type\":\"PropertyValueSpecification\",\"valueRequired\":true,\"valueName\":\"search_term_string\"}}],\"inLanguage\":\"es\"}]}<\/script>\n<!-- \/ Yoast SEO plugin. -->","yoast_head_json":{"title":"Grup - Mesbrots","robots":{"index":"index","follow":"follow","max-snippet":"max-snippet:-1","max-image-preview":"max-image-preview:large","max-video-preview":"max-video-preview:-1"},"canonical":"https:\/\/www.mesbrots.cat\/grup\/","og_locale":"es_ES","og_type":"article","og_title":"Grup - Mesbrots","og_description":"Supermercado ecol\u00f3gico En\u00a0BioBrots, encontrar\u00e1s una amplia selecci\u00f3n de alimentos frescos y secos\u00a0TODOS CERTIFICADOS EN ECOL\u00d3GICO\u00a0que buscan facilitar una alimentaci\u00f3n saludable para el m\u00e1ximo de personas posible. Nuestra oferta incluye cereales, chocolates, infusiones y t\u00e9s, caf\u00e9, pasta, arroces, bebidas vegetales, productos\u2026 Tienda BROTS DE VI, LA SOSTENIBILIDAD ALIMENTARIA EN EL RESTAURANTE Con la misma voluntad que [&hellip;]","og_url":"https:\/\/www.mesbrots.cat\/grup\/","og_site_name":"Mesbrots","article_modified_time":"2024-03-11T13:53:19+00:00","og_image":[{"url":"http:\/\/www.mesbrots.cat\/wp-content\/uploads\/elementor\/thumbs\/Mesa-de-trabajo-2@3x-100-qdxz3o6fitmke0hydu2pina16skfjhto59i7abbex8.jpg","type":"","width":"","height":""}],"twitter_card":"summary_large_image","twitter_misc":{"Tiempo de lectura":"2 minutos"},"schema":{"@context":"https:\/\/schema.org","@graph":[{"@type":"WebPage","@id":"https:\/\/www.mesbrots.cat\/grup\/","url":"https:\/\/www.mesbrots.cat\/grup\/","name":"Grup - Mesbrots","isPartOf":{"@id":"https:\/\/www.mesbrots.cat\/#website"},"primaryImageOfPage":{"@id":"https:\/\/www.mesbrots.cat\/grup\/#primaryimage"},"image":{"@id":"https:\/\/www.mesbrots.cat\/grup\/#primaryimage"},"thumbnailUrl":"http:\/\/www.mesbrots.cat\/wp-content\/uploads\/elementor\/thumbs\/Mesa-de-trabajo-2@3x-100-qdxz3o6fitmke0hydu2pina16skfjhto59i7abbex8.jpg","datePublished":"2024-02-24T17:37:44+00:00","dateModified":"2024-03-11T13:53:19+00:00","breadcrumb":{"@id":"https:\/\/www.mesbrots.cat\/grup\/#breadcrumb"},"inLanguage":"es","potentialAction":[{"@type":"ReadAction","target":["https:\/\/www.mesbrots.cat\/grup\/"]}]},{"@type":"ImageObject","inLanguage":"es","@id":"https:\/\/www.mesbrots.cat\/grup\/#primaryimage","url":"http:\/\/www.mesbrots.cat\/wp-content\/uploads\/elementor\/thumbs\/Mesa-de-trabajo-2@3x-100-qdxz3o6fitmke0hydu2pina16skfjhto59i7abbex8.jpg","contentUrl":"http:\/\/www.mesbrots.cat\/wp-content\/uploads\/elementor\/thumbs\/Mesa-de-trabajo-2@3x-100-qdxz3o6fitmke0hydu2pina16skfjhto59i7abbex8.jpg"},{"@type":"BreadcrumbList","@id":"https:\/\/www.mesbrots.cat\/grup\/#breadcrumb","itemListElement":[{"@type":"ListItem","position":1,"name":"Inici","item":"https:\/\/www.mesbrots.cat\/es\/"},{"@type":"ListItem","position":2,"name":"Grup"}]},{"@type":"WebSite","@id":"https:\/\/www.mesbrots.cat\/#website","url":"https:\/\/www.mesbrots.cat\/","name":"Mesbrots","description":"Coffee Brunch","potentialAction":[{"@type":"SearchAction","target":{"@type":"EntryPoint","urlTemplate":"https:\/\/www.mesbrots.cat\/?s={search_term_string}"},"query-input":{"@type":"PropertyValueSpecification","valueRequired":true,"valueName":"search_term_string"}}],"inLanguage":"es"}]}},"_links":{"self":[{"href":"https:\/\/www.mesbrots.cat\/es\/wp-json\/wp\/v2\/pages\/31262","targetHints":{"allow":["GET"]}}],"collection":[{"href":"https:\/\/www.mesbrots.cat\/es\/wp-json\/wp\/v2\/pages"}],"about":[{"href":"https:\/\/www.mesbrots.cat\/es\/wp-json\/wp\/v2\/types\/page"}],"author":[{"embeddable":true,"href":"https:\/\/www.mesbrots.cat\/es\/wp-json\/wp\/v2\/users\/1"}],"replies":[{"embeddable":true,"href":"https:\/\/www.mesbrots.cat\/es\/wp-json\/wp\/v2\/comments?post=31262"}],"version-history":[{"count":0,"href":"https:\/\/www.mesbrots.cat\/es\/wp-json\/wp\/v2\/pages\/31262\/revisions"}],"wp:attachment":[{"href":"https:\/\/www.mesbrots.cat\/es\/wp-json\/wp\/v2\/media?parent=31262"}],"curies":[{"name":"wp","href":"https:\/\/api.w.org\/{rel}","templated":true}]}}